{"id":550,"date":"2016-04-20T13:42:25","date_gmt":"2016-04-20T13:42:25","guid":{"rendered":"http:\/\/commissietoezichtarrestantenzorg.wordpress.suares.com\/es\/nieuws\/"},"modified":"2017-12-12T14:50:18","modified_gmt":"2017-12-12T14:50:18","slug":"nieuws","status":"publish","type":"page","link":"https:\/\/toezichtarrestantenzorg.cw\/es\/nieuws\/","title":{"rendered":"Noticias"},"content":{"rendered":"<p>[et_pb_section admin_label=&#8221;section&#8221; background_color=&#8221;#fadfc2&#8243; inner_shadow=&#8221;off&#8221; parallax=&#8221;off&#8221; module_class=&#8221;row1-commissie&#8221; transparent_background=&#8221;off&#8221; allow_player_pause=&#8221;off&#8221; parallax_method=&#8221;off&#8221; padding_mobile=&#8221;off&#8221; make_fullwidth=&#8221;off&#8221; use_custom_width=&#8221;off&#8221; width_unit=&#8221;on&#8221; make_equal=&#8221;off&#8221; use_custom_gutter=&#8221;off&#8221;][et_pb_row admin_label=&#8221;Row&#8221;][et_pb_column type=&#8221;4_4&#8243;][et_pb_text admin_label=&#8221;Taalkeuze-mobiel&#8221; background_layout=&#8221;light&#8221; text_orientation=&#8221;left&#8221; module_id=&#8221;naw-mobile&#8221; disabled=&#8221;off&#8221; disabled_on=&#8221;||on&#8221; use_border_color=&#8221;off&#8221; border_color=&#8221;#ffffff&#8221; border_style=&#8221;solid&#8221;]<\/p>\n<div style=\"text-align: center!important;\"><a id=\"nld\" href=\"\/nieuws\">NLD<\/a><a id=\"pap\" href=\"\/pa\/nieuws\">PAP<\/a><a id=\"esp\" href=\"\/es\/nieuws\">ESP<\/a><a id=\"eng\" href=\"\/en\/nieuws\">ENG<\/a><\/div>\n<p>[\/et_pb_text][\/et_pb_column][\/et_pb_row][et_pb_row admin_label=&#8221;row&#8221;][et_pb_column type=&#8221;2_3&#8243;][et_pb_text admin_label=&#8221;Text&#8221; background_layout=&#8221;light&#8221; text_orientation=&#8221;left&#8221; module_id=&#8221;es&#8221; use_border_color=&#8221;off&#8221; border_color=&#8221;#ffffff&#8221; border_style=&#8221;solid&#8221;]<\/p>\n<h1>Noticias<\/h1>\n<p>En esta p\u00e1gina se encuentra art\u00edculos nuevos y enlaces a documentos reci\u00e9n publicados.<\/p>\n<p>[\/et_pb_text][et_pb_blog admin_label=&#8221;NIeuwsitems moeten ge-edit\/geplaatst worden via POSTS&#8221; fullwidth=&#8221;off&#8221; include_categories=&#8221;2&#8243; show_thumbnail=&#8221;on&#8221; show_content=&#8221;off&#8221; show_author=&#8221;off&#8221; show_date=&#8221;on&#8221; show_categories=&#8221;off&#8221; show_pagination=&#8221;off&#8221; background_layout=&#8221;light&#8221; show_more=&#8221;off&#8221; show_comments=&#8221;off&#8221; offset_number=&#8221;0&#8243; use_overlay=&#8221;off&#8221; use_dropshadow=&#8221;off&#8221; use_border_color=&#8221;off&#8221; border_color=&#8221;#ffffff&#8221; border_style=&#8221;solid&#8221; saved_tabs=&#8221;all&#8221;]<\/p>\n<p>&nbsp;<\/p>\n<p>[\/et_pb_blog][\/et_pb_column][et_pb_column type=&#8221;1_3&#8243;][et_pb_image admin_label=&#8221;logo&#8221; src=&#8221;\/wp-content\/uploads\/sites\/16\/2016\/05\/Logo_Arrestantenzorg.jpg&#8221; url_new_window=&#8221;off&#8221; animation=&#8221;off&#8221; module_id=&#8221;plaatje&#8221; show_in_lightbox=&#8221;off&#8221; use_overlay=&#8221;off&#8221; sticky=&#8221;off&#8221; align=&#8221;left&#8221; force_fullwidth=&#8221;off&#8221; always_center_on_mobile=&#8221;on&#8221; use_border_color=&#8221;off&#8221; border_color=&#8221;#ffffff&#8221; border_style=&#8221;solid&#8221; disabled=&#8221;off&#8221; disabled_on=&#8221;on|on|off&#8221;]<\/p>\n<p>&nbsp;<\/p>\n<p>[\/et_pb_image][et_pb_text admin_label=&#8221;Taalkeuze-desktop&#8221; background_layout=&#8221;light&#8221; text_orientation=&#8221;left&#8221; module_id=&#8221;naw&#8221; disabled=&#8221;off&#8221; disabled_on=&#8221;on|on|&#8221; use_border_color=&#8221;off&#8221; border_color=&#8221;#ffffff&#8221; border_style=&#8221;solid&#8221;]<\/p>\n<div style=\"text-align: center!important;\"><a id=\"nld\" href=\"\/nieuws\">NLD<\/a><a id=\"pap\" href=\"\/pa\/nieuws\">PAP<\/a><a id=\"esp\" href=\"\/es\/nieuws\">ESP<\/a><a id=\"eng\" href=\"\/en\/nieuws\">ENG<\/a><\/div>\n<p>[\/et_pb_text][et_pb_image admin_label=&#8221;image&#8221; src=&#8221;\/wp-content\/uploads\/sites\/16\/2016\/04\/voedsel-1.png&#8221; url_new_window=&#8221;off&#8221; animation=&#8221;off&#8221; module_id=&#8221;plaatje&#8221; show_in_lightbox=&#8221;off&#8221; use_overlay=&#8221;off&#8221; sticky=&#8221;off&#8221; align=&#8221;left&#8221; force_fullwidth=&#8221;off&#8221; always_center_on_mobile=&#8221;on&#8221; use_border_color=&#8221;off&#8221; border_color=&#8221;#ffffff&#8221; border_style=&#8221;solid&#8221; disabled=&#8221;off&#8221; disabled_on=&#8221;||off&#8221;]<\/p>\n<p>&nbsp;<\/p>\n<p>[\/et_pb_image][et_pb_cta admin_label=&#8221;download&#8221; button_url=&#8221;\/es\/regelgeving&#8221; button_text=&#8221;M\u00e1s informaci\u00f3n&#8221; background_color=&#8221;#7387a9&#8243; use_background_color=&#8221;on&#8221; background_layout=&#8221;dark&#8221; text_orientation=&#8221;center&#8221; module_id=&#8221;flyer&#8221; url_new_window=&#8221;off&#8221; use_border_color=&#8221;off&#8221; border_color=&#8221;#ffffff&#8221; border_style=&#8221;solid&#8221; custom_button=&#8221;off&#8221; button_letter_spacing=&#8221;0&#8243; button_use_icon=&#8221;default&#8221; button_icon_placement=&#8221;right&#8221; button_on_hover=&#8221;on&#8221; button_letter_spacing_hover=&#8221;0&#8243;]<\/p>\n<p style=\"text-align: center;\"><a href=\"\/wp-content\/uploads\/sites\/16\/2016\/07\/2249_MinJus_Arrestantenzorg_Folder_A4.pdf\" target=\"_blank\" rel=\"noopener\"><img loading=\"lazy\" decoding=\"async\" class=\"wp-image-308 aligncenter\" src=\"\/wp-content\/uploads\/sites\/16\/2016\/07\/Brochure-CTA-CW-7jul16.jpg\" alt=\"Brochure CTA-CW 7jul16\" width=\"94\" height=\"134\" \/><\/a> <a href=\"\/wp-content\/uploads\/sites\/16\/2016\/07\/2249_MinJus_Arrestantenzorg_Folder_A4.pdf\" target=\"_blank\" rel=\"noopener\">Download folleto<\/a><\/p>\n<p>[\/et_pb_cta][et_pb_text admin_label=&#8221;niet aanpassen&#8221; background_layout=&#8221;light&#8221; text_orientation=&#8221;left&#8221; use_border_color=&#8221;off&#8221; border_color=&#8221;#ffffff&#8221; border_style=&#8221;solid&#8221; module_id=&#8221;copyright&#8221; disabled=&#8221;off&#8221; disabled_on=&#8221;||on&#8221;]<\/p>\n<p style=\"text-align: justify;\">2016 \u00a9 CTA-CW <img loading=\"lazy\" decoding=\"async\" class=\"alignnone wp-image-98\" src=\"\/wp-content\/uploads\/sites\/16\/2016\/04\/bullet-1.png\" alt=\"bullet\" width=\"9\" height=\"11\" \/> <a href=\"\/es\/sitemap\/\">Sitemap<\/a><\/p>\n<p>[\/et_pb_text][\/et_pb_column][\/et_pb_row][\/et_pb_section]<\/p>\n","protected":false},"excerpt":{"rendered":"<p>NLDPAPESPENG Noticias En esta p\u00e1gina se encuentra art\u00edculos nuevos y enlaces a documentos reci\u00e9n publicados. &nbsp; &nbsp; NLDPAPESPENG &nbsp; Download folleto 2016 \u00a9 CTA-CW Sitemap<\/p>\n","protected":false},"author":6,"featured_media":0,"parent":0,"menu_order":600,"comment_status":"closed","ping_status":"closed","template":"","meta":{"_et_pb_use_builder":"on","_et_pb_old_content":"","_et_gb_content_width":"","footnotes":""},"class_list":["post-550","page","type-page","status-publish","hentry"],"_links":{"self":[{"href":"https:\/\/toezichtarrestantenzorg.cw\/es\/wp-json\/wp\/v2\/pages\/550","targetHints":{"allow":["GET"]}}],"collection":[{"href":"https:\/\/toezichtarrestantenzorg.cw\/es\/wp-json\/wp\/v2\/pages"}],"about":[{"href":"https:\/\/toezichtarrestantenzorg.cw\/es\/wp-json\/wp\/v2\/types\/page"}],"author":[{"embeddable":true,"href":"https:\/\/toezichtarrestantenzorg.cw\/es\/wp-json\/wp\/v2\/users\/6"}],"replies":[{"embeddable":true,"href":"https:\/\/toezichtarrestantenzorg.cw\/es\/wp-json\/wp\/v2\/comments?post=550"}],"version-history":[{"count":0,"href":"https:\/\/toezichtarrestantenzorg.cw\/es\/wp-json\/wp\/v2\/pages\/550\/revisions"}],"wp:attachment":[{"href":"https:\/\/toezichtarrestantenzorg.cw\/es\/wp-json\/wp\/v2\/media?parent=550"}],"curies":[{"name":"wp","href":"https:\/\/api.w.org\/{rel}","templated":true}]}}