{"id":548,"date":"2016-04-20T13:41:26","date_gmt":"2016-04-20T13:41:26","guid":{"rendered":"http:\/\/commissietoezichtarrestantenzorg.wordpress.suares.com\/es\/rapportages\/"},"modified":"2017-02-03T15:20:24","modified_gmt":"2017-02-03T15:20:24","slug":"rapportages","status":"publish","type":"page","link":"https:\/\/toezichtarrestantenzorg.cw\/es\/rapportages\/","title":{"rendered":"Relatos"},"content":{"rendered":"<p>[et_pb_section admin_label=&#8221;section&#8221; background_color=&#8221;#fadfc2&#8243; inner_shadow=&#8221;off&#8221; parallax=&#8221;off&#8221; module_class=&#8221;row1-commissie&#8221; transparent_background=&#8221;off&#8221; allow_player_pause=&#8221;off&#8221; parallax_method=&#8221;off&#8221; padding_mobile=&#8221;off&#8221; make_fullwidth=&#8221;off&#8221; use_custom_width=&#8221;off&#8221; width_unit=&#8221;on&#8221; make_equal=&#8221;off&#8221; use_custom_gutter=&#8221;off&#8221;][et_pb_row admin_label=&#8221;Row&#8221;][et_pb_column type=&#8221;4_4&#8243;][et_pb_text admin_label=&#8221;Taalkeuze-mobiel&#8221; background_layout=&#8221;light&#8221; text_orientation=&#8221;left&#8221; module_id=&#8221;naw-mobile&#8221; disabled=&#8221;off&#8221; disabled_on=&#8221;||on&#8221; use_border_color=&#8221;off&#8221; border_color=&#8221;#ffffff&#8221; border_style=&#8221;solid&#8221;]<\/p>\n<div style=\"text-align: center!important\"><a id=\"nld\" href=\"\/rapportages\">NLD<\/a><a id=\"pap\" href=\"\/pa\/rapportages\">PAP<\/a><a id=\"esp\" href=\"\/es\/rapportages\">ESP<\/a><a id=\"eng\" href=\"\/en\/rapportages\">ENG<\/a><\/div>\n<p>[\/et_pb_text][\/et_pb_column][\/et_pb_row][et_pb_row admin_label=&#8221;row&#8221;][et_pb_column type=&#8221;2_3&#8243;][et_pb_text admin_label=&#8221;Text&#8221; background_layout=&#8221;light&#8221; text_orientation=&#8221;left&#8221; module_id=&#8221;es&#8221; use_border_color=&#8221;off&#8221; border_color=&#8221;#ffffff&#8221; border_style=&#8221;solid&#8221;]<\/p>\n<h1>Relatos de la Comisi\u00f3n<\/h1>\n<p>Una de las tareas de CTA CW es enviar relato peri\u00f3dico al ministro de justicia.<\/p>\n<h4>Informe trimestral<\/h4>\n<p>Informes trimestrales al ministro de justicia sobre la marcha de los trabajos de la comisi\u00f3n.<\/p>\n<h4>Relatos de inspecci\u00f3n<\/h4>\n<p>Despu\u00e9s de una inspecci\u00f3n la comisi\u00f3n elaborara un informe con los resultados, conclusiones y recomendaciones.<br \/>\nSe muestran en este informe si el cuidado de arrestados en ese momento cumple con los criterios o que si ciertas cuestiones a\u00fan no se cumplen plenamente con las normas.<\/p>\n<h4>Informe de quejas<\/h4>\n<p>Despu\u00e9s de manejar una queja se recogen los resultados en un informe. La comisi\u00f3n emitir\u00e1 su opini\u00f3n<br \/>\nsobre la queja y cu\u00e1les son las medidas que se proponen para remediar cualquier irregularidad.<\/p>\n<h3>Publicaci\u00f3n de los informes<\/h3>\n<p>Los diversos informes ser\u00e1n publicados despu\u00e9s de un cierto periodo y\u00a0cuando sea necesario de forma an\u00f3nima en el sitio web de la comisi\u00f3n.<\/p>\n<p>En la p\u00e1gina se descarga estos informes p\u00fablicos<\/p>\n<p>[\/et_pb_text][et_pb_text admin_label=&#8221;Downloads&#8221; background_layout=&#8221;light&#8221; text_orientation=&#8221;left&#8221; module_id=&#8221;es2&#8243; disabled=&#8221;off&#8221; disabled_on=&#8221;off|off|off&#8221; use_border_color=&#8221;off&#8221; border_color=&#8221;#ffffff&#8221; border_style=&#8221;solid&#8221;]<\/p>\n<ul>\n<li><a href=\"\/wp-content\/uploads\/sites\/16\/2016\/04\/Model_Inspectieverslag-def-16aug16-CTA-CW-1.pdf\">Model Inspectieverslag CTA CW<\/a><\/li>\n<\/ul>\n<p>[\/et_pb_text][et_pb_text admin_label=&#8221;Downloads&#8221; background_layout=&#8221;light&#8221; text_orientation=&#8221;left&#8221; module_id=&#8221;es2&#8243; disabled=&#8221;on&#8221; disabled_on=&#8221;on|on|on&#8221; use_border_color=&#8221;off&#8221; border_color=&#8221;#ffffff&#8221; border_style=&#8221;solid&#8221;]<\/p>\n<h2>Reports<\/h2>\n<ul>\n<li><a href=\"\/wp-content\/uploads\/sites\/16\/2016\/04\/test.pdf\" rel=\"\">rapportage 1<\/a><\/li>\n<li><a href=\"\/wp-content\/uploads\/sites\/16\/2016\/04\/test.pdf\" rel=\"\">rapportage 2<\/a><\/li>\n<li><a href=\"\/wp-content\/uploads\/sites\/16\/2016\/04\/test.pdf\" rel=\"\">rapportage 3<\/a><\/li>\n<\/ul>\n<p>[\/et_pb_text][et_pb_text admin_label=&#8221;niet aanpassen&#8221; background_layout=&#8221;light&#8221; text_orientation=&#8221;left&#8221; use_border_color=&#8221;off&#8221; border_color=&#8221;#ffffff&#8221; border_style=&#8221;solid&#8221; module_id=&#8221;copyright&#8221; disabled=&#8221;off&#8221; disabled_on=&#8221;on|on|&#8221;]<\/p>\n<p style=\"text-align: justify\">2016 \u00a9 CTA-CW <img loading=\"lazy\" decoding=\"async\" class=\"alignnone wp-image-98\" src=\"\/wp-content\/uploads\/sites\/16\/2016\/04\/bullet-1.png\" alt=\"bullet\" width=\"9\" height=\"11\" \/> <a href=\"\/es\/sitemap\/\">Sitemap<\/a><\/p>\n<p>[\/et_pb_text][\/et_pb_column][et_pb_column type=&#8221;1_3&#8243;][et_pb_image admin_label=&#8221;logo&#8221; src=&#8221;\/wp-content\/uploads\/sites\/16\/2016\/05\/Logo_Arrestantenzorg.jpg&#8221; url_new_window=&#8221;off&#8221; animation=&#8221;off&#8221; module_id=&#8221;plaatje&#8221; show_in_lightbox=&#8221;off&#8221; use_overlay=&#8221;off&#8221; sticky=&#8221;off&#8221; align=&#8221;left&#8221; force_fullwidth=&#8221;off&#8221; always_center_on_mobile=&#8221;on&#8221; use_border_color=&#8221;off&#8221; border_color=&#8221;#ffffff&#8221; border_style=&#8221;solid&#8221; disabled=&#8221;off&#8221; disabled_on=&#8221;on|on|off&#8221;] [\/et_pb_image][et_pb_text admin_label=&#8221;Taalkeuze-desktop&#8221; background_layout=&#8221;light&#8221; text_orientation=&#8221;left&#8221; module_id=&#8221;naw&#8221; disabled=&#8221;off&#8221; disabled_on=&#8221;on|on|&#8221; use_border_color=&#8221;off&#8221; border_color=&#8221;#ffffff&#8221; border_style=&#8221;solid&#8221;]<\/p>\n<div style=\"text-align: center!important\"><a id=\"nld\" href=\"\/rapportages\">NLD<\/a><a id=\"pap\" href=\"\/pa\/rapportages\">PAP<\/a><a id=\"esp\" href=\"\/es\/rapportages\">ESP<\/a><a id=\"eng\" href=\"\/en\/rapportages\">ENG<\/a><\/div>\n<p>[\/et_pb_text][et_pb_image admin_label=&#8221;image&#8221; src=&#8221;\/wp-content\/uploads\/sites\/16\/2016\/04\/phone-2.png&#8221; url_new_window=&#8221;off&#8221; animation=&#8221;off&#8221; module_id=&#8221;plaatje&#8221; show_in_lightbox=&#8221;off&#8221; use_overlay=&#8221;off&#8221; sticky=&#8221;off&#8221; align=&#8221;left&#8221; force_fullwidth=&#8221;off&#8221; always_center_on_mobile=&#8221;on&#8221; use_border_color=&#8221;off&#8221; border_color=&#8221;#ffffff&#8221; border_style=&#8221;solid&#8221; disabled=&#8221;off&#8221; disabled_on=&#8221;||off&#8221;] [\/et_pb_image][et_pb_cta admin_label=&#8221;download&#8221; button_url=&#8221;\/es\/regelgeving&#8221; button_text=&#8221;M\u00e1s informaci\u00f3n&#8221; background_color=&#8221;#7387a9&#8243; use_background_color=&#8221;on&#8221; background_layout=&#8221;dark&#8221; text_orientation=&#8221;center&#8221; module_id=&#8221;flyer&#8221; url_new_window=&#8221;off&#8221; use_border_color=&#8221;off&#8221; border_color=&#8221;#ffffff&#8221; border_style=&#8221;solid&#8221; custom_button=&#8221;off&#8221; button_letter_spacing=&#8221;0&#8243; button_use_icon=&#8221;default&#8221; button_icon_placement=&#8221;right&#8221; button_on_hover=&#8221;on&#8221; button_letter_spacing_hover=&#8221;0&#8243;]<\/p>\n<p style=\"text-align: center\"><a href=\"\/wp-content\/uploads\/sites\/16\/2016\/07\/2249_MinJus_Arrestantenzorg_Folder_A4.pdf\" target=\"_blank\"><img loading=\"lazy\" decoding=\"async\" class=\"wp-image-308 aligncenter\" src=\"\/wp-content\/uploads\/sites\/16\/2016\/07\/Brochure-CTA-CW-7jul16.jpg\" alt=\"Brochure CTA-CW 7jul16\" width=\"94\" height=\"134\" \/><\/a> <a href=\"\/wp-content\/uploads\/sites\/16\/2016\/07\/2249_MinJus_Arrestantenzorg_Folder_A4.pdf\" target=\"_blank\">Download folleto<\/a><\/p>\n<p>[\/et_pb_cta][et_pb_text admin_label=&#8221;niet aanpassen&#8221; background_layout=&#8221;light&#8221; text_orientation=&#8221;left&#8221; use_border_color=&#8221;off&#8221; border_color=&#8221;#ffffff&#8221; border_style=&#8221;solid&#8221; module_id=&#8221;copyright&#8221; disabled=&#8221;off&#8221; disabled_on=&#8221;||on&#8221;]<\/p>\n<p style=\"text-align: justify\">2016 \u00a9 CTA-CW <img loading=\"lazy\" decoding=\"async\" class=\"alignnone wp-image-98\" src=\"\/wp-content\/uploads\/sites\/16\/2016\/04\/bullet-1.png\" alt=\"bullet\" width=\"9\" height=\"11\" \/> <a href=\"\/es\/sitemap\/\">Sitemap<\/a><\/p>\n<p>[\/et_pb_text][\/et_pb_column][\/et_pb_row][\/et_pb_section]<\/p>\n","protected":false},"excerpt":{"rendered":"<p>NLDPAPESPENG Relatos de la Comisi\u00f3n Una de las tareas de CTA CW es enviar relato peri\u00f3dico al ministro de justicia. Informe trimestral Informes trimestrales al ministro de justicia sobre la marcha de los trabajos de la comisi\u00f3n. Relatos de inspecci\u00f3n Despu\u00e9s de una inspecci\u00f3n la comisi\u00f3n elaborara un informe con los resultados, conclusiones y recomendaciones. [&hellip;]<\/p>\n","protected":false},"author":6,"featured_media":0,"parent":0,"menu_order":500,"comment_status":"closed","ping_status":"closed","template":"","meta":{"_et_pb_use_builder":"on","_et_pb_old_content":"","_et_gb_content_width":"","footnotes":""},"class_list":["post-548","page","type-page","status-publish","hentry"],"_links":{"self":[{"href":"https:\/\/toezichtarrestantenzorg.cw\/es\/wp-json\/wp\/v2\/pages\/548","targetHints":{"allow":["GET"]}}],"collection":[{"href":"https:\/\/toezichtarrestantenzorg.cw\/es\/wp-json\/wp\/v2\/pages"}],"about":[{"href":"https:\/\/toezichtarrestantenzorg.cw\/es\/wp-json\/wp\/v2\/types\/page"}],"author":[{"embeddable":true,"href":"https:\/\/toezichtarrestantenzorg.cw\/es\/wp-json\/wp\/v2\/users\/6"}],"replies":[{"embeddable":true,"href":"https:\/\/toezichtarrestantenzorg.cw\/es\/wp-json\/wp\/v2\/comments?post=548"}],"version-history":[{"count":0,"href":"https:\/\/toezichtarrestantenzorg.cw\/es\/wp-json\/wp\/v2\/pages\/548\/revisions"}],"wp:attachment":[{"href":"https:\/\/toezichtarrestantenzorg.cw\/es\/wp-json\/wp\/v2\/media?parent=548"}],"curies":[{"name":"wp","href":"https:\/\/api.w.org\/{rel}","templated":true}]}}